{"id":255,"date":"2024-07-10T17:21:37","date_gmt":"2024-07-10T17:21:37","guid":{"rendered":"https:\/\/formetips.com\/landing\/?page_id=255"},"modified":"2024-07-12T19:48:51","modified_gmt":"2024-07-12T19:48:51","slug":"conecta_para_ganar","status":"publish","type":"page","link":"https:\/\/formetips.com\/landing\/webinar\/conecta_para_ganar\/","title":{"rendered":"Conecta para Ganar"},"content":{"rendered":"<p>[et_pb_section fb_built=\u00bb1&#8243; _builder_version=\u00bb4.25.1&#8243; _module_preset=\u00bbdefault\u00bb background_color=\u00bb#191919&#8243; global_colors_info=\u00bb{}\u00bb][et_pb_row _builder_version=\u00bb4.25.1&#8243; _module_preset=\u00bbdefault\u00bb global_colors_info=\u00bb{}\u00bb][et_pb_column type=\u00bb4_4&#8243; _builder_version=\u00bb4.25.1&#8243; _module_preset=\u00bbdefault\u00bb global_colors_info=\u00bb{}\u00bb][et_pb_image src=\u00bbhttps:\/\/formetips.com\/landing\/wp-content\/uploads\/2024\/07\/Retail.png\u00bb title_text=\u00bbRetail\u00bb align=\u00bbcenter\u00bb _builder_version=\u00bb4.25.1&#8243; _module_preset=\u00bbdefault\u00bb global_colors_info=\u00bb{}\u00bb][\/et_pb_image][et_pb_text _builder_version=\u00bb4.25.1&#8243; _module_preset=\u00bbdefault\u00bb header_font=\u00bb|300|||||||\u00bb header_font_size=\u00bb96px\u00bb text_orientation=\u00bbcenter\u00bb background_layout=\u00bbdark\u00bb hover_enabled=\u00bb0&#8243; header_font_size_tablet=\u00bb96px\u00bb header_font_size_phone=\u00bb60px\u00bb header_font_size_last_edited=\u00bbon|phone\u00bb global_colors_info=\u00bb{}\u00bb sticky_enabled=\u00bb0&#8243;]<\/p>\n<h1><strong><span style=\"color: #d5f530;\">C<\/span>onect\u00e1 <span style=\"color: #d5f530;\">P<\/span>ara <span style=\"color: #d5f530;\">G<\/span>anar.<\/strong><\/h1>\n<p>[\/et_pb_text][et_pb_text _builder_version=\u00bb4.25.1&#8243; _module_preset=\u00bbdefault\u00bb text_text_color=\u00bb#FFFFFF\u00bb text_font_size=\u00bb18px\u00bb header_3_font=\u00bb|700|||||||\u00bb header_3_text_color=\u00bb#d5f530&#8243; text_orientation=\u00bbcenter\u00bb global_colors_info=\u00bb{}\u00bb]<\/p>\n<h3><b>De la frustraci\u00f3n a la conexi\u00f3n:<\/b><\/h3>\n<p><b>C\u00f3mo el UGC(user generated content) est\u00e1 transformando el mercado del CPG. \u00bfQuer\u00e9s ganar?\u00a0<\/b><\/p>\n<p>[\/et_pb_text][et_pb_button button_url=\u00bb#form\u00bb button_text=\u00bbS\u00ed, \u00a1Quiero asistir!\u00bb button_alignment=\u00bbcenter\u00bb _builder_version=\u00bb4.25.1&#8243; _module_preset=\u00bbdefault\u00bb custom_button=\u00bbon\u00bb button_text_color=\u00bb#000000&#8243; button_bg_color=\u00bb#d5f530&#8243; button_border_width=\u00bb0px\u00bb button_border_radius=\u00bb25px\u00bb global_colors_info=\u00bb{}\u00bb][\/et_pb_button][\/et_pb_column][\/et_pb_row][et_pb_row column_structure=\u00bb1_5,3_5,1_5&#8243; use_custom_gutter=\u00bbon\u00bb gutter_width=\u00bb1&#8243; make_equal=\u00bbon\u00bb disabled_on=\u00bbon|off|off\u00bb _builder_version=\u00bb4.25.1&#8243; _module_preset=\u00bbdefault\u00bb width=\u00bb90%\u00bb max_width=\u00bb100%\u00bb global_colors_info=\u00bb{}\u00bb][et_pb_column type=\u00bb1_5&#8243; _builder_version=\u00bb4.23&#8243; _module_preset=\u00bbdefault\u00bb global_colors_info=\u00bb{}\u00bb][et_pb_image src=\u00bbhttps:\/\/formetips.com\/landing\/wp-content\/uploads\/2024\/05\/logo_reduc_f-negro.png\u00bb title_text=\u00bblogo_reduc_f-negro\u00bb align=\u00bbright\u00bb _builder_version=\u00bb4.25.1&#8243; _module_preset=\u00bbdefault\u00bb filter_invert=\u00bb100%\u00bb global_colors_info=\u00bb{}\u00bb][\/et_pb_image][\/et_pb_column][et_pb_column type=\u00bb3_5&#8243; _builder_version=\u00bb4.23&#8243; _module_preset=\u00bbdefault\u00bb global_colors_info=\u00bb{}\u00bb][et_pb_divider color=\u00bb#d5f530&#8243; divider_position=\u00bbbottom\u00bb divider_weight=\u00bb5px\u00bb _builder_version=\u00bb4.23&#8243; _module_preset=\u00bbdefault\u00bb custom_padding=\u00bb||29px|||\u00bb global_colors_info=\u00bb{}\u00bb][\/et_pb_divider][\/et_pb_column][et_pb_column type=\u00bb1_5&#8243; _builder_version=\u00bb4.23&#8243; _module_preset=\u00bbdefault\u00bb global_colors_info=\u00bb{}\u00bb][et_pb_image src=\u00bbhttps:\/\/formetips.com\/landing\/wp-content\/uploads\/2024\/05\/logo_reduc_m-negro.png\u00bb title_text=\u00bblogo_reduc_m-negro\u00bb _builder_version=\u00bb4.25.1&#8243; _module_preset=\u00bbdefault\u00bb filter_invert=\u00bb100%\u00bb global_colors_info=\u00bb{}\u00bb][\/et_pb_image][\/et_pb_column][\/et_pb_row][et_pb_row disabled_on=\u00bboff|on|on\u00bb _builder_version=\u00bb4.25.1&#8243; _module_preset=\u00bbdefault\u00bb global_colors_info=\u00bb{}\u00bb][et_pb_column type=\u00bb4_4&#8243; _builder_version=\u00bb4.25.1&#8243; _module_preset=\u00bbdefault\u00bb global_colors_info=\u00bb{}\u00bb][et_pb_image src=\u00bbhttps:\/\/formetips.com\/landing\/wp-content\/uploads\/2024\/05\/cropped-FM_Logo_NegroLima.png\u00bb title_text=\u00bbcropped-FM_Logo_NegroLima.png\u00bb _builder_version=\u00bb4.25.1&#8243; _module_preset=\u00bbdefault\u00bb filter_invert=\u00bb75%\u00bb global_colors_info=\u00bb{}\u00bb][\/et_pb_image][\/et_pb_column][\/et_pb_row][\/et_pb_section][et_pb_section fb_built=\u00bb1&#8243; _builder_version=\u00bb4.25.1&#8243; _module_preset=\u00bbdefault\u00bb background_color=\u00bb#9c98fd\u00bb global_colors_info=\u00bb{}\u00bb][et_pb_row _builder_version=\u00bb4.25.1&#8243; _module_preset=\u00bbdefault\u00bb global_colors_info=\u00bb{}\u00bb][et_pb_column type=\u00bb4_4&#8243; _builder_version=\u00bb4.25.1&#8243; _module_preset=\u00bbdefault\u00bb global_colors_info=\u00bb{}\u00bb][et_pb_text _builder_version=\u00bb4.25.1&#8243; _module_preset=\u00bbdefault\u00bb header_font=\u00bb||||||||\u00bb text_orientation=\u00bbcenter\u00bb background_layout=\u00bbdark\u00bb global_colors_info=\u00bb{}\u00bb]<\/p>\n<h1>Reserv\u00e1 <em><span style=\"font-family: PlayFair; color: #d5f530;\">la fecha!<\/span><\/em><\/h1>\n<p>[\/et_pb_text][\/et_pb_column][\/et_pb_row][et_pb_row _builder_version=\u00bb4.25.1&#8243; _module_preset=\u00bbdefault\u00bb background_color=\u00bb#191919&#8243; border_radii=\u00bbon|25px|25px|25px|25px\u00bb global_colors_info=\u00bb{}\u00bb][et_pb_column type=\u00bb4_4&#8243; _builder_version=\u00bb4.25.1&#8243; _module_preset=\u00bbdefault\u00bb global_colors_info=\u00bb{}\u00bb][et_pb_text _builder_version=\u00bb4.25.1&#8243; _module_preset=\u00bbdefault\u00bb header_font=\u00bb|300|||||||\u00bb header_font_size=\u00bb96px\u00bb header_3_font_size=\u00bb48px\u00bb text_orientation=\u00bbcenter\u00bb background_layout=\u00bbdark\u00bb custom_margin=\u00bb50px||50px||true|false\u00bb global_colors_info=\u00bb{}\u00bb]<\/p>\n<h1><span style=\"font-weight: 400;\">31 de Julio<\/span><\/h1>\n<h3>Cuarto <em><span style=\"font-family: PlayFair; color: #d5f530;\"><\/span><\/em><em><span style=\"font-family: PlayFair; color: #d5f530;\">Jueves <\/span><\/em><span style=\"font-weight: 400;\">del mes<\/span><em><\/em><span style=\"font-weight: 400;\">\u00a0<\/span><\/h3>\n<p>[\/et_pb_text][\/et_pb_column][\/et_pb_row][et_pb_row column_structure=\u00bb1_6,1_6,1_6,1_6,1_6,1_6&#8243; _builder_version=\u00bb4.25.1&#8243; _module_preset=\u00bbdefault\u00bb global_colors_info=\u00bb{}\u00bb][et_pb_column type=\u00bb1_6&#8243; _builder_version=\u00bb4.25.1&#8243; _module_preset=\u00bbdefault\u00bb global_colors_info=\u00bb{}\u00bb][et_pb_blurb title=\u00bb14:00 hs\u00bb image=\u00bbhttps:\/\/formetips.com\/landing\/wp-content\/uploads\/2024\/07\/Frame-34.png\u00bb icon_placement=\u00bbleft\u00bb image_icon_width=\u00bb50px\u00bb _builder_version=\u00bb4.25.1&#8243; _module_preset=\u00bbdefault\u00bb header_text_color=\u00bb#000000&#8243; header_font_size=\u00bb16px\u00bb header_line_height=\u00bb3em\u00bb image_icon_custom_margin=\u00bb0px||0px||false|false\u00bb image_icon_custom_padding=\u00bb0px||0px||false|false\u00bb module_alignment=\u00bbcenter\u00bb global_colors_info=\u00bb{}\u00bb][\/et_pb_blurb][\/et_pb_column][et_pb_column type=\u00bb1_6&#8243; _builder_version=\u00bb4.25.1&#8243; _module_preset=\u00bbdefault\u00bb global_colors_info=\u00bb{}\u00bb][et_pb_blurb title=\u00bb12:00 hs\u00bb image=\u00bbhttps:\/\/formetips.com\/landing\/wp-content\/uploads\/2024\/07\/Frame-36.png\u00bb icon_placement=\u00bbleft\u00bb image_icon_width=\u00bb50px\u00bb _builder_version=\u00bb4.25.1&#8243; _module_preset=\u00bbdefault\u00bb header_text_color=\u00bb#000000&#8243; header_font_size=\u00bb16px\u00bb header_line_height=\u00bb3em\u00bb image_icon_custom_margin=\u00bb0px||0px||false|false\u00bb image_icon_custom_padding=\u00bb0px||0px||false|false\u00bb global_colors_info=\u00bb{}\u00bb][\/et_pb_blurb][\/et_pb_column][et_pb_column type=\u00bb1_6&#8243; _builder_version=\u00bb4.25.1&#8243; _module_preset=\u00bbdefault\u00bb global_colors_info=\u00bb{}\u00bb][et_pb_blurb title=\u00bb11:00 hs\u00bb image=\u00bbhttps:\/\/formetips.com\/landing\/wp-content\/uploads\/2024\/07\/Frame-38.png\u00bb icon_placement=\u00bbleft\u00bb image_icon_width=\u00bb50px\u00bb _builder_version=\u00bb4.25.1&#8243; _module_preset=\u00bbdefault\u00bb header_text_color=\u00bb#000000&#8243; header_font_size=\u00bb16px\u00bb header_line_height=\u00bb3em\u00bb image_icon_custom_margin=\u00bb0px||0px||false|false\u00bb image_icon_custom_padding=\u00bb0px||0px||false|false\u00bb global_colors_info=\u00bb{}\u00bb][\/et_pb_blurb][\/et_pb_column][et_pb_column type=\u00bb1_6&#8243; _builder_version=\u00bb4.25.1&#8243; _module_preset=\u00bbdefault\u00bb global_colors_info=\u00bb{}\u00bb][et_pb_blurb title=\u00bb12:00 hs\u00bb image=\u00bbhttps:\/\/formetips.com\/landing\/wp-content\/uploads\/2024\/07\/Frame-37.png\u00bb icon_placement=\u00bbleft\u00bb image_icon_width=\u00bb50px\u00bb _builder_version=\u00bb4.25.1&#8243; _module_preset=\u00bbdefault\u00bb header_text_color=\u00bb#000000&#8243; header_font_size=\u00bb16px\u00bb header_line_height=\u00bb3em\u00bb image_icon_custom_margin=\u00bb0px||0px||false|false\u00bb image_icon_custom_padding=\u00bb0px||0px||false|false\u00bb global_colors_info=\u00bb{}\u00bb][\/et_pb_blurb][\/et_pb_column][et_pb_column type=\u00bb1_6&#8243; _builder_version=\u00bb4.25.1&#8243; _module_preset=\u00bbdefault\u00bb global_colors_info=\u00bb{}\u00bb][et_pb_blurb title=\u00bb14:00 hs\u00bb image=\u00bbhttps:\/\/formetips.com\/landing\/wp-content\/uploads\/2024\/07\/Frame-35.png\u00bb icon_placement=\u00bbleft\u00bb image_icon_width=\u00bb50px\u00bb _builder_version=\u00bb4.25.1&#8243; _module_preset=\u00bbdefault\u00bb header_text_color=\u00bb#000000&#8243; header_font_size=\u00bb16px\u00bb header_line_height=\u00bb3em\u00bb image_icon_custom_margin=\u00bb0px||0px||false|false\u00bb image_icon_custom_padding=\u00bb0px||0px||false|false\u00bb global_colors_info=\u00bb{}\u00bb][\/et_pb_blurb][\/et_pb_column][et_pb_column type=\u00bb1_6&#8243; _builder_version=\u00bb4.25.1&#8243; _module_preset=\u00bbdefault\u00bb global_colors_info=\u00bb{}\u00bb][et_pb_blurb title=\u00bb14:00 hs\u00bb image=\u00bbhttps:\/\/formetips.com\/landing\/wp-content\/uploads\/2024\/07\/Frame-39.png\u00bb icon_placement=\u00bbleft\u00bb image_icon_width=\u00bb50px\u00bb _builder_version=\u00bb4.25.1&#8243; _module_preset=\u00bbdefault\u00bb header_text_color=\u00bb#000000&#8243; header_font_size=\u00bb16px\u00bb header_line_height=\u00bb3em\u00bb image_icon_custom_margin=\u00bb0px||0px||false|false\u00bb image_icon_custom_padding=\u00bb0px||0px||false|false\u00bb global_colors_info=\u00bb{}\u00bb][\/et_pb_blurb][\/et_pb_column][\/et_pb_row][\/et_pb_section][et_pb_section fb_built=\u00bb1&#8243; _builder_version=\u00bb4.25.1&#8243; _module_preset=\u00bbdefault\u00bb background_color=\u00bb#d5f530&#8243; global_colors_info=\u00bb{}\u00bb][et_pb_row column_structure=\u00bb3_5,2_5&#8243; _builder_version=\u00bb4.25.1&#8243; _module_preset=\u00bbdefault\u00bb global_colors_info=\u00bb{}\u00bb][et_pb_column type=\u00bb3_5&#8243; _builder_version=\u00bb4.25.1&#8243; _module_preset=\u00bbdefault\u00bb global_colors_info=\u00bb{}\u00bb][et_pb_text _builder_version=\u00bb4.25.1&#8243; _module_preset=\u00bbdefault\u00bb header_font=\u00bb||||||||\u00bb global_colors_info=\u00bb{}\u00bb]<\/p>\n<h1>\u00bfPor qu\u00e9 <em><span style=\"font-family: PlayFair;\">deb\u00e9s<\/span><\/em> sumarte?<\/h1>\n<p>[\/et_pb_text][et_pb_text _builder_version=\u00bb4.25.1&#8243; _module_preset=\u00bbdefault\u00bb global_colors_info=\u00bb{}\u00bb]<\/p>\n<div class=\"contain page-column clearfix page-col-12 column-counter-1\">\n<div class=\"page-column-inner\" data-bach-id=\"E026D2F7-8752-FF6A-A152-8253BA6DB3CA\">\n<p><span style=\"font-weight: 400;\">Las marcas de CPG luchan por mantenerse relevantes en un mercado donde los consumidores est\u00e1n saturados de opciones.Se est\u00e1n enfrentando al desaf\u00edo de conectar y sostener su credibilidad.<\/span><\/p>\n<p><span style=\"font-weight: 400;\">Los consumidores de hoy son m\u00e1s exigentes, informados y conectados que nunca.\u00a0<\/span><\/p>\n<p><span style=\"font-weight: 400;\">La desconexi\u00f3n entre las marcas y sus audiencias puede resultar en p\u00e9rdida de lealtad y disminuci\u00f3n de ventas.<\/span><\/p>\n<\/div>\n<\/div>\n<p>[\/et_pb_text][et_pb_button button_url=\u00bb#form\u00bb button_text=\u00bbQuiero reservar mi asiento\u00bb button_alignment=\u00bbcenter\u00bb _builder_version=\u00bb4.25.1&#8243; _module_preset=\u00bbdefault\u00bb custom_button=\u00bbon\u00bb button_text_color=\u00bb#FFFFFF\u00bb button_bg_color=\u00bb#191919&#8243; button_border_width=\u00bb0px\u00bb button_border_radius=\u00bb25px\u00bb custom_margin=\u00bb||||false|false\u00bb custom_padding=\u00bb|28%||28%|false|true\u00bb custom_padding_tablet=\u00bb|28%||28%|false|true\u00bb custom_padding_phone=\u00bb|5%||5%|false|true\u00bb custom_padding_last_edited=\u00bbon|phone\u00bb global_colors_info=\u00bb{}\u00bb][\/et_pb_button][\/et_pb_column][et_pb_column type=\u00bb2_5&#8243; _builder_version=\u00bb4.25.1&#8243; _module_preset=\u00bbdefault\u00bb global_colors_info=\u00bb{}\u00bb][et_pb_image src=\u00bbhttps:\/\/formetips.com\/landing\/wp-content\/uploads\/2024\/07\/FM_Assets_Heart_Chrome.png\u00bb title_text=\u00bbFM_Assets_Heart_Chrome\u00bb _builder_version=\u00bb4.25.1&#8243; _module_preset=\u00bbdefault\u00bb global_colors_info=\u00bb{}\u00bb][\/et_pb_image][\/et_pb_column][\/et_pb_row][\/et_pb_section][et_pb_section fb_built=\u00bb1&#8243; _builder_version=\u00bb4.25.1&#8243; _module_preset=\u00bbdefault\u00bb background_color=\u00bb#9c98fd\u00bb global_colors_info=\u00bb{}\u00bb][et_pb_row _builder_version=\u00bb4.25.1&#8243; _module_preset=\u00bbdefault\u00bb global_colors_info=\u00bb{}\u00bb][et_pb_column type=\u00bb4_4&#8243; _builder_version=\u00bb4.25.1&#8243; _module_preset=\u00bbdefault\u00bb global_colors_info=\u00bb{}\u00bb][et_pb_text _builder_version=\u00bb4.25.1&#8243; _module_preset=\u00bbdefault\u00bb header_font=\u00bb|300|||||||\u00bb header_font_size=\u00bb40px\u00bb text_orientation=\u00bbcenter\u00bb background_layout=\u00bbdark\u00bb global_colors_info=\u00bb{}\u00bb]<\/p>\n<h1>Nuestros <em><span style=\"font-family: PlayFair; color: #d5f530;\">Speakers<\/span><\/em><\/h1>\n<h1>Especializados<\/h1>\n<p>[\/et_pb_text][et_pb_heading title=\u00bb\u00a1Falta poco! No pierdas tu vacante\u00bb _builder_version=\u00bb4.25.1&#8243; _module_preset=\u00bbdefault\u00bb title_font=\u00bb|300|||||||\u00bb title_text_align=\u00bbcenter\u00bb title_text_color=\u00bb#FFFFFF\u00bb global_colors_info=\u00bb{}\u00bb][\/et_pb_heading][\/et_pb_column][\/et_pb_row][et_pb_row column_structure=\u00bb1_2,1_2&#8243; use_custom_gutter=\u00bbon\u00bb gutter_width=\u00bb2&#8243; _builder_version=\u00bb4.25.1&#8243; _module_preset=\u00bbdefault\u00bb width=\u00bb95%\u00bb max_width=\u00bb100%\u00bb global_colors_info=\u00bb{}\u00bb][et_pb_column type=\u00bb1_2&#8243; _builder_version=\u00bb4.25.1&#8243; _module_preset=\u00bbdefault\u00bb global_colors_info=\u00bb{}\u00bb][et_pb_image src=\u00bbhttps:\/\/formetips.com\/landing\/wp-content\/uploads\/2024\/07\/elementos-paa-landing-del-webinar-04.png\u00bb title_text=\u00bbelementos paa landing del webinar-04&#8243; _builder_version=\u00bb4.25.1&#8243; _module_preset=\u00bbdefault\u00bb global_colors_info=\u00bb{}\u00bb][\/et_pb_image][\/et_pb_column][et_pb_column type=\u00bb1_2&#8243; _builder_version=\u00bb4.25.1&#8243; _module_preset=\u00bbdefault\u00bb global_colors_info=\u00bb{}\u00bb][et_pb_image src=\u00bbhttps:\/\/formetips.com\/landing\/wp-content\/uploads\/2024\/06\/card-landing-webinar2-06-1.png\u00bb title_text=\u00bbcard landing webinar2-06 1&#8243; _builder_version=\u00bb4.25.1&#8243; _module_preset=\u00bbdefault\u00bb global_colors_info=\u00bb{}\u00bb][\/et_pb_image][\/et_pb_column][\/et_pb_row][et_pb_row _builder_version=\u00bb4.25.1&#8243; _module_preset=\u00bbdefault\u00bb global_colors_info=\u00bb{}\u00bb][et_pb_column type=\u00bb4_4&#8243; _builder_version=\u00bb4.25.1&#8243; _module_preset=\u00bbdefault\u00bb global_colors_info=\u00bb{}\u00bb][et_pb_countdown_timer date_time=\u00bb2024-07-31 14:00&#8243; _builder_version=\u00bb4.25.1&#8243; _module_preset=\u00bbdefault\u00bb header_text_color=\u00bb#9c98fd\u00bb numbers_text_align=\u00bbcenter\u00bb numbers_text_color=\u00bb#9c98fd\u00bb separator_text_color=\u00bb#9c98fd\u00bb label_text_color=\u00bb#9c98fd\u00bb label_font_size=\u00bb12px\u00bb background_color=\u00bb#FFFFFF\u00bb label_font_size_tablet=\u00bb12px\u00bb label_font_size_phone=\u00bb12px\u00bb label_font_size_last_edited=\u00bbon|desktop\u00bb border_radii=\u00bbon|25px|25px|25px|25px\u00bb global_colors_info=\u00bb{}\u00bb][\/et_pb_countdown_timer][\/et_pb_column][\/et_pb_row][\/et_pb_section][et_pb_section fb_built=\u00bb1&#8243; _builder_version=\u00bb4.25.1&#8243; _module_preset=\u00bbdefault\u00bb background_color=\u00bb#191919&#8243; global_colors_info=\u00bb{}\u00bb][et_pb_row _builder_version=\u00bb4.25.1&#8243; _module_preset=\u00bbdefault\u00bb global_colors_info=\u00bb{}\u00bb][et_pb_column type=\u00bb4_4&#8243; _builder_version=\u00bb4.25.1&#8243; _module_preset=\u00bbdefault\u00bb global_colors_info=\u00bb{}\u00bb][et_pb_text _builder_version=\u00bb4.25.1&#8243; _module_preset=\u00bbdefault\u00bb header_font=\u00bb|300|||||||\u00bb header_font_size=\u00bb48px\u00bb text_orientation=\u00bbcenter\u00bb background_layout=\u00bbdark\u00bb hover_enabled=\u00bb0&#8243; global_colors_info=\u00bb{}\u00bb sticky_enabled=\u00bb0&#8243;]<\/p>\n<h1>Agenda. <em><span style=\"font-family: PlayFair; color: #d5f530;\">Quick<\/span><\/em> Overview<\/h1>\n<p>[\/et_pb_text][\/et_pb_column][\/et_pb_row][et_pb_row column_structure=\u00bb1_2,1_2&#8243; _builder_version=\u00bb4.25.1&#8243; _module_preset=\u00bbdefault\u00bb global_colors_info=\u00bb{}\u00bb][et_pb_column type=\u00bb1_2&#8243; _builder_version=\u00bb4.25.1&#8243; _module_preset=\u00bbdefault\u00bb global_colors_info=\u00bb{}\u00bb][et_pb_blurb image=\u00bbhttps:\/\/formetips.com\/landing\/wp-content\/uploads\/2024\/06\/1.png\u00bb icon_placement=\u00bbleft\u00bb image_icon_width=\u00bb25%\u00bb _builder_version=\u00bb4.25.1&#8243; _module_preset=\u00bbdefault\u00bb body_font_size=\u00bb22px\u00bb background_layout=\u00bbdark\u00bb global_colors_info=\u00bb{}\u00bb]<\/p>\n<p>El Escenario Actual del Mercado de CPG.<\/p>\n<p>[\/et_pb_blurb][et_pb_blurb image=\u00bbhttps:\/\/formetips.com\/landing\/wp-content\/uploads\/2024\/06\/2.png\u00bb icon_placement=\u00bbleft\u00bb image_icon_width=\u00bb50%\u00bb _builder_version=\u00bb4.25.1&#8243; _module_preset=\u00bbdefault\u00bb body_font_size=\u00bb22px\u00bb background_layout=\u00bbdark\u00bb border_radii_image_tablet=\u00bb\u00bb border_radii_image_phone=\u00bb\u00bb border_radii_image_last_edited=\u00bbon|desktop\u00bb global_colors_info=\u00bb{}\u00bb]<\/p>\n<p>La Crisis de la Desconexi\u00f3n y la Desconfianza en las marcas. Datos y estad\u00edsticas.<\/p>\n<p>[\/et_pb_blurb][et_pb_blurb image=\u00bbhttps:\/\/formetips.com\/landing\/wp-content\/uploads\/2024\/06\/3.png\u00bb icon_placement=\u00bbleft\u00bb image_icon_width=\u00bb50%\u00bb _builder_version=\u00bb4.25.1&#8243; _module_preset=\u00bbdefault\u00bb body_font_size=\u00bb22px\u00bb background_layout=\u00bbdark\u00bb border_radii_image_tablet=\u00bb\u00bb border_radii_image_phone=\u00bb\u00bb border_radii_image_last_edited=\u00bbon|desktop\u00bb global_colors_info=\u00bb{}\u00bb]<\/p>\n<p>Conect\u00e1 Para Ganar: C\u00f3mo el UGC(user generated content) est\u00e1 transformando el mercado del CPG<\/p>\n<p>[\/et_pb_blurb][et_pb_blurb image=\u00bbhttps:\/\/formetips.com\/landing\/wp-content\/uploads\/2024\/06\/4.png\u00bb icon_placement=\u00bbleft\u00bb image_icon_width=\u00bb50%\u00bb _builder_version=\u00bb4.25.1&#8243; _module_preset=\u00bbdefault\u00bb body_font_size=\u00bb22px\u00bb background_layout=\u00bbdark\u00bb border_radii_image_tablet=\u00bb\u00bb border_radii_image_phone=\u00bb\u00bb border_radii_image_last_edited=\u00bbon|desktop\u00bb global_colors_info=\u00bb{}\u00bb]<\/p>\n<p>La clave: \u00bfC\u00f3mo debe ser el contenido?<\/p>\n<p>[\/et_pb_blurb][et_pb_blurb image=\u00bbhttps:\/\/formetips.com\/landing\/wp-content\/uploads\/2024\/06\/5.png\u00bb icon_placement=\u00bbleft\u00bb image_icon_width=\u00bb50%\u00bb _builder_version=\u00bb4.25.1&#8243; _module_preset=\u00bbdefault\u00bb body_font_size=\u00bb22px\u00bb background_layout=\u00bbdark\u00bb border_radii_image_tablet=\u00bb\u00bb border_radii_image_phone=\u00bb\u00bb border_radii_image_last_edited=\u00bbon|desktop\u00bb global_colors_info=\u00bb{}\u00bb]<\/p>\n<p><span style=\"font-weight: 500;\">Conoc\u00e9 casos de \u00e9xito con UGC!<\/span><\/p>\n<p>[\/et_pb_blurb][et_pb_blurb image=\u00bbhttps:\/\/formetips.com\/landing\/wp-content\/uploads\/2024\/06\/6.png\u00bb icon_placement=\u00bbleft\u00bb image_icon_width=\u00bb50%\u00bb _builder_version=\u00bb4.25.1&#8243; _module_preset=\u00bbdefault\u00bb body_font_size=\u00bb22px\u00bb background_layout=\u00bbdark\u00bb border_radii_image_tablet=\u00bb\u00bb border_radii_image_phone=\u00bb\u00bb border_radii_image_last_edited=\u00bbon|desktop\u00bb global_colors_info=\u00bb{}\u00bb]<\/p>\n<p>Como For_Me puede ayudarte.<\/p>\n<p>[\/et_pb_blurb][et_pb_blurb image=\u00bbhttps:\/\/formetips.com\/landing\/wp-content\/uploads\/2024\/06\/7.png\u00bb icon_placement=\u00bbleft\u00bb image_icon_width=\u00bb50%\u00bb _builder_version=\u00bb4.25.1&#8243; _module_preset=\u00bbdefault\u00bb body_font_size=\u00bb22px\u00bb background_layout=\u00bbdark\u00bb border_radii_image_tablet=\u00bb\u00bb border_radii_image_phone=\u00bb\u00bb border_radii_image_last_edited=\u00bbon|desktop\u00bb global_colors_info=\u00bb{}\u00bb]<\/p>\n<p>Q&amp;A Session.<\/p>\n<p>[\/et_pb_blurb][\/et_pb_column][et_pb_column type=\u00bb1_2&#8243; _builder_version=\u00bb4.25.1&#8243; _module_preset=\u00bbdefault\u00bb global_colors_info=\u00bb{}\u00bb][et_pb_video src=\u00bbhttps:\/\/www.youtube.com\/watch?v=jfw0Qu4wnzI\u00bb _builder_version=\u00bb4.25.1&#8243; _module_preset=\u00bbdefault\u00bb hover_enabled=\u00bb0&#8243; global_colors_info=\u00bb{}\u00bb sticky_enabled=\u00bb0&#8243;][\/et_pb_video][\/et_pb_column][\/et_pb_row][\/et_pb_section][et_pb_section fb_built=\u00bb1&#8243; _builder_version=\u00bb4.25.1&#8243; _module_preset=\u00bbdefault\u00bb global_colors_info=\u00bb{}\u00bb][et_pb_row module_id=\u00bbform\u00bb _builder_version=\u00bb4.25.1&#8243; _module_preset=\u00bbdefault\u00bb global_colors_info=\u00bb{}\u00bb][et_pb_column type=\u00bb4_4&#8243; _builder_version=\u00bb4.25.1&#8243; _module_preset=\u00bbdefault\u00bb global_colors_info=\u00bb{}\u00bb][et_pb_heading title=\u00bbEst\u00e1s a punto de comenzar el  recorrido hacia el \u00e9xito con UGC\u00bb _builder_version=\u00bb4.25.1&#8243; _module_preset=\u00bbdefault\u00bb title_font=\u00bb|300|||||||\u00bb title_text_align=\u00bbcenter\u00bb title_text_color=\u00bb#000000&#8243; title_font_size=\u00bb48px\u00bb global_colors_info=\u00bb{}\u00bb][\/et_pb_heading][et_pb_code _builder_version=\u00bb4.25.1&#8243; _module_preset=\u00bbdefault\u00bb hover_enabled=\u00bb0&#8243; global_colors_info=\u00bb{}\u00bb sticky_enabled=\u00bb0&#8243;]<script charset=\"utf-8\" type=\"text\/javascript\" src=\"\/\/js.hsforms.net\/forms\/embed\/v2.js\"><\/script><!-- [et_pb_line_break_holder] --><script><!-- [et_pb_line_break_holder] -->  hbspt.forms.create({<!-- [et_pb_line_break_holder] -->    region: \"na1\",<!-- [et_pb_line_break_holder] -->    portalId: \"44943732\",<!-- [et_pb_line_break_holder] -->    formId: \"c2cb8e10-445d-43c9-a36b-b8a02e9747bb\"<!-- [et_pb_line_break_holder] -->  });<!-- [et_pb_line_break_holder] --><\/script><!-- [et_pb_line_break_holder] -->[\/et_pb_code][\/et_pb_column][\/et_pb_row][\/et_pb_section]<\/p>\n","protected":false},"excerpt":{"rendered":"<p>Conect\u00e1 Para Ganar.De la frustraci\u00f3n a la conexi\u00f3n: C\u00f3mo el UGC(user generated content) est\u00e1 transformando el mercado del CPG. \u00bfQuer\u00e9s ganar?\u00a0Reserv\u00e1 la fecha!31 de Julio Cuarto Jueves del mes\u00a0\u00bfPor qu\u00e9 deb\u00e9s sumarte? Las marcas de CPG luchan por mantenerse relevantes en un mercado donde los consumidores est\u00e1n saturados de opciones.Se est\u00e1n enfrentando al desaf\u00edo de [&hellip;]<\/p>\n","protected":false},"author":2,"featured_media":0,"parent":118,"menu_order":0,"comment_status":"closed","ping_status":"closed","template":"","meta":{"_et_pb_use_builder":"on","_et_pb_old_content":"","_et_gb_content_width":"","footnotes":""},"class_list":["post-255","page","type-page","status-publish","hentry"],"_links":{"self":[{"href":"https:\/\/formetips.com\/landing\/wp-json\/wp\/v2\/pages\/255","targetHints":{"allow":["GET"]}}],"collection":[{"href":"https:\/\/formetips.com\/landing\/wp-json\/wp\/v2\/pages"}],"about":[{"href":"https:\/\/formetips.com\/landing\/wp-json\/wp\/v2\/types\/page"}],"author":[{"embeddable":true,"href":"https:\/\/formetips.com\/landing\/wp-json\/wp\/v2\/users\/2"}],"replies":[{"embeddable":true,"href":"https:\/\/formetips.com\/landing\/wp-json\/wp\/v2\/comments?post=255"}],"version-history":[{"count":21,"href":"https:\/\/formetips.com\/landing\/wp-json\/wp\/v2\/pages\/255\/revisions"}],"predecessor-version":[{"id":306,"href":"https:\/\/formetips.com\/landing\/wp-json\/wp\/v2\/pages\/255\/revisions\/306"}],"up":[{"embeddable":true,"href":"https:\/\/formetips.com\/landing\/wp-json\/wp\/v2\/pages\/118"}],"wp:attachment":[{"href":"https:\/\/formetips.com\/landing\/wp-json\/wp\/v2\/media?parent=255"}],"curies":[{"name":"wp","href":"https:\/\/api.w.org\/{rel}","templated":true}]}}